{"id":3154,"date":"2024-08-08T14:29:22","date_gmt":"2024-08-08T14:29:22","guid":{"rendered":"https:\/\/www.yukselenasfalt.com\/?page_id=3154"},"modified":"2024-08-10T10:57:03","modified_gmt":"2024-08-10T10:57:03","slug":"makineparkurumuz","status":"publish","type":"page","link":"https:\/\/www.yukselenasfalt.com\/index.php\/makineparkurumuz\/","title":{"rendered":"MAK\u0130NE PARKURUMUZ"},"content":{"rendered":"\t\t<div data-elementor-type=\"wp-page\" data-elementor-id=\"3154\" class=\"elementor elementor-3154\">\n\t\t\t\t<div class=\"elementor-element elementor-element-b3da01a e-flex e-con-boxed e-con e-parent\" data-id=\"b3da01a\" data-element_type=\"container\" data-settings=\"{&quot;background_background&quot;:&quot;classic&quot;}\">\n\t\t\t\t\t<div class=\"e-con-inner\">\n\t\t\t\t<div class=\"elementor-element elementor-element-43c442f6 elementor-widget elementor-widget-heading\" data-id=\"43c442f6\" data-element_type=\"widget\" data-widget_type=\"heading.default\">\n\t\t\t\t<div class=\"elementor-widget-container\">\n\t\t\t<style>\/*! elementor - v3.23.0 - 05-08-2024 *\/\n.elementor-heading-title{padding:0;margin:0;line-height:1}.elementor-widget-heading .elementor-heading-title[class*=elementor-size-]>a{color:inherit;font-size:inherit;line-height:inherit}.elementor-widget-heading .elementor-heading-title.elementor-size-small{font-size:15px}.elementor-widget-heading .elementor-heading-title.elementor-size-medium{font-size:19px}.elementor-widget-heading .elementor-heading-title.elementor-size-large{font-size:29px}.elementor-widget-heading .elementor-heading-title.elementor-size-xl{font-size:39px}.elementor-widget-heading .elementor-heading-title.elementor-size-xxl{font-size:59px}<\/style><h2 class=\"elementor-heading-title elementor-size-default\">MAK\u0130NE PARKURUMUZ<\/h2>\t\t<\/div>\n\t\t\t\t<\/div>\n\t\t\t\t<div class=\"elementor-element elementor-element-25e7c111 elementor-widget elementor-widget-text-editor\" data-id=\"25e7c111\" data-element_type=\"widget\" data-widget_type=\"text-editor.default\">\n\t\t\t\t<div class=\"elementor-widget-container\">\n\t\t\t<style>\/*! elementor - v3.23.0 - 05-08-2024 *\/\n.elementor-widget-text-editor.elementor-drop-cap-view-stacked .elementor-drop-cap{background-color:#69727d;color:#fff}.elementor-widget-text-editor.elementor-drop-cap-view-framed .elementor-drop-cap{color:#69727d;border:3px solid;background-color:transparent}.elementor-widget-text-editor:not(.elementor-drop-cap-view-default) .elementor-drop-cap{margin-top:8px}.elementor-widget-text-editor:not(.elementor-drop-cap-view-default) .elementor-drop-cap-letter{width:1em;height:1em}.elementor-widget-text-editor .elementor-drop-cap{float:left;text-align:center;line-height:1;font-size:50px}.elementor-widget-text-editor .elementor-drop-cap-letter{display:inline-block}<\/style>\t\t\t\t<p>ANASAYFA- Makine parkurumuz<\/p>\t\t\t\t\t\t<\/div>\n\t\t\t\t<\/div>\n\t\t\t\t\t<\/div>\n\t\t\t\t<\/div>\n\t\t<div class=\"elementor-element elementor-element-5f512b4d e-flex e-con-boxed e-con e-parent\" data-id=\"5f512b4d\" data-element_type=\"container\">\n\t\t\t\t\t<div class=\"e-con-inner\">\n\t\t\t\t<div class=\"elementor-element elementor-element-a90f3ed elementor-widget elementor-widget-heading\" data-id=\"a90f3ed\" data-element_type=\"widget\" data-widget_type=\"heading.default\">\n\t\t\t\t<div class=\"elementor-widget-container\">\n\t\t\t<h2 class=\"elementor-heading-title elementor-size-default\">MAK\u0130NE PARKURUMUZ<\/h2>\t\t<\/div>\n\t\t\t\t<\/div>\n\t\t\t\t<div class=\"elementor-element elementor-element-1bdefd51 elementor-widget__width-initial elementor-widget elementor-widget-text-editor\" data-id=\"1bdefd51\" data-element_type=\"widget\" data-widget_type=\"text-editor.default\">\n\t\t\t\t<div class=\"elementor-widget-container\">\n\t\t\t\t\t\t\t<p>Y\u00fckselen Asfalt olarak, yol yap\u0131m\u0131nda en son teknolojiye sahip, g\u00fc\u00e7l\u00fc ve verimli makinelerle donat\u0131lm\u0131\u015f modern bir makine parkuruna sahibiz. Projelerinizi en y\u00fcksek standartlarda, zaman\u0131nda ve g\u00fcvenle tamamlamak i\u00e7in s\u00fcrekli yenilenen ve bak\u0131m\u0131 d\u00fczenli yap\u0131lan makinelerimizle hizmet veriyoruz.<\/p>\t\t\t\t\t\t<\/div>\n\t\t\t\t<\/div>\n\t\t\t\t\t<\/div>\n\t\t\t\t<\/div>\n\t\t<div class=\"elementor-element elementor-element-1ed859e e-flex e-con-boxed e-con e-parent\" data-id=\"1ed859e\" data-element_type=\"container\">\n\t\t\t\t\t<div class=\"e-con-inner\">\n\t\t\t\t<div class=\"elementor-element elementor-element-73d5910 elementor-widget elementor-widget-image\" data-id=\"73d5910\" data-element_type=\"widget\" data-widget_type=\"image.default\">\n\t\t\t\t<div class=\"elementor-widget-container\">\n\t\t\t<style>\/*! elementor - v3.23.0 - 05-08-2024 *\/\n.elementor-widget-image{text-align:center}.elementor-widget-image a{display:inline-block}.elementor-widget-image a img[src$=\".svg\"]{width:48px}.elementor-widget-image img{vertical-align:middle;display:inline-block}<\/style>\t\t\t\t\t\t\t\t\t\t<img fetchpriority=\"high\" decoding=\"async\" width=\"800\" height=\"993\" src=\"https:\/\/www.yukselenasfalt.com\/wp-content\/uploads\/2024\/08\/MAKINA-PARKURU-825x1024.png\" class=\"attachment-large size-large wp-image-3451\" alt=\"\" srcset=\"https:\/\/www.yukselenasfalt.com\/wp-content\/uploads\/2024\/08\/MAKINA-PARKURU-825x1024.png 825w, https:\/\/www.yukselenasfalt.com\/wp-content\/uploads\/2024\/08\/MAKINA-PARKURU-242x300.png 242w, https:\/\/www.yukselenasfalt.com\/wp-content\/uploads\/2024\/08\/MAKINA-PARKURU-768x954.png 768w, https:\/\/www.yukselenasfalt.com\/wp-content\/uploads\/2024\/08\/MAKINA-PARKURU-1237x1536.png 1237w, https:\/\/www.yukselenasfalt.com\/wp-content\/uploads\/2024\/08\/MAKINA-PARKURU-1649x2048.png 1649w, https:\/\/www.yukselenasfalt.com\/wp-content\/uploads\/2024\/08\/MAKINA-PARKURU.png 1998w\" sizes=\"(max-width: 800px) 100vw, 800px\" \/>\t\t\t\t\t\t\t\t\t\t\t\t\t<\/div>\n\t\t\t\t<\/div>\n\t\t\t\t\t<\/div>\n\t\t\t\t<\/div>\n\t\t<div class=\"elementor-element elementor-element-875244e e-flex e-con-boxed e-con e-parent\" data-id=\"875244e\" data-element_type=\"container\">\n\t\t\t\t\t<div class=\"e-con-inner\">\n\t\t\t\t<div class=\"elementor-element elementor-element-5e5c004 elementor-widget-divider--view-line elementor-widget elementor-widget-divider\" data-id=\"5e5c004\" data-element_type=\"widget\" data-widget_type=\"divider.default\">\n\t\t\t\t<div class=\"elementor-widget-container\">\n\t\t\t<style>\/*! elementor - v3.23.0 - 05-08-2024 *\/\n.elementor-widget-divider{--divider-border-style:none;--divider-border-width:1px;--divider-color:#0c0d0e;--divider-icon-size:20px;--divider-element-spacing:10px;--divider-pattern-height:24px;--divider-pattern-size:20px;--divider-pattern-url:none;--divider-pattern-repeat:repeat-x}.elementor-widget-divider .elementor-divider{display:flex}.elementor-widget-divider .elementor-divider__text{font-size:15px;line-height:1;max-width:95%}.elementor-widget-divider .elementor-divider__element{margin:0 var(--divider-element-spacing);flex-shrink:0}.elementor-widget-divider .elementor-icon{font-size:var(--divider-icon-size)}.elementor-widget-divider .elementor-divider-separator{display:flex;margin:0;direction:ltr}.elementor-widget-divider--view-line_icon .elementor-divider-separator,.elementor-widget-divider--view-line_text .elementor-divider-separator{align-items:center}.elementor-widget-divider--view-line_icon .elementor-divider-separator:after,.elementor-widget-divider--view-line_icon .elementor-divider-separator:before,.elementor-widget-divider--view-line_text .elementor-divider-separator:after,.elementor-widget-divider--view-line_text .elementor-divider-separator:before{display:block;content:\"\";border-block-end:0;flex-grow:1;border-block-start:var(--divider-border-width) var(--divider-border-style) var(--divider-color)}.elementor-widget-divider--element-align-left .elementor-divider .elementor-divider-separator>.elementor-divider__svg:first-of-type{flex-grow:0;flex-shrink:100}.elementor-widget-divider--element-align-left .elementor-divider-separator:before{content:none}.elementor-widget-divider--element-align-left .elementor-divider__element{margin-left:0}.elementor-widget-divider--element-align-right .elementor-divider .elementor-divider-separator>.elementor-divider__svg:last-of-type{flex-grow:0;flex-shrink:100}.elementor-widget-divider--element-align-right .elementor-divider-separator:after{content:none}.elementor-widget-divider--element-align-right .elementor-divider__element{margin-right:0}.elementor-widget-divider--element-align-start .elementor-divider .elementor-divider-separator>.elementor-divider__svg:first-of-type{flex-grow:0;flex-shrink:100}.elementor-widget-divider--element-align-start .elementor-divider-separator:before{content:none}.elementor-widget-divider--element-align-start .elementor-divider__element{margin-inline-start:0}.elementor-widget-divider--element-align-end .elementor-divider .elementor-divider-separator>.elementor-divider__svg:last-of-type{flex-grow:0;flex-shrink:100}.elementor-widget-divider--element-align-end .elementor-divider-separator:after{content:none}.elementor-widget-divider--element-align-end .elementor-divider__element{margin-inline-end:0}.elementor-widget-divider:not(.elementor-widget-divider--view-line_text):not(.elementor-widget-divider--view-line_icon) .elementor-divider-separator{border-block-start:var(--divider-border-width) var(--divider-border-style) var(--divider-color)}.elementor-widget-divider--separator-type-pattern{--divider-border-style:none}.elementor-widget-divider--separator-type-pattern.elementor-widget-divider--view-line .elementor-divider-separator,.elementor-widget-divider--separator-type-pattern:not(.elementor-widget-divider--view-line) .elementor-divider-separator:after,.elementor-widget-divider--separator-type-pattern:not(.elementor-widget-divider--view-line) .elementor-divider-separator:before,.elementor-widget-divider--separator-type-pattern:not([class*=elementor-widget-divider--view]) .elementor-divider-separator{width:100%;min-height:var(--divider-pattern-height);-webkit-mask-size:var(--divider-pattern-size) 100%;mask-size:var(--divider-pattern-size) 100%;-webkit-mask-repeat:var(--divider-pattern-repeat);mask-repeat:var(--divider-pattern-repeat);background-color:var(--divider-color);-webkit-mask-image:var(--divider-pattern-url);mask-image:var(--divider-pattern-url)}.elementor-widget-divider--no-spacing{--divider-pattern-size:auto}.elementor-widget-divider--bg-round{--divider-pattern-repeat:round}.rtl .elementor-widget-divider .elementor-divider__text{direction:rtl}.e-con-inner>.elementor-widget-divider,.e-con>.elementor-widget-divider{width:var(--container-widget-width,100%);--flex-grow:var(--container-widget-flex-grow)}<\/style>\t\t<div class=\"elementor-divider\">\n\t\t\t<span class=\"elementor-divider-separator\">\n\t\t\t\t\t\t<\/span>\n\t\t<\/div>\n\t\t\t\t<\/div>\n\t\t\t\t<\/div>\n\t\t\t\t\t<\/div>\n\t\t\t\t<\/div>\n\t\t<div class=\"elementor-element elementor-element-e6aede6 e-flex e-con-boxed e-con e-parent\" data-id=\"e6aede6\" data-element_type=\"container\">\n\t\t\t\t\t<div class=\"e-con-inner\">\n\t\t<div class=\"elementor-element elementor-element-57ba102 e-con-full e-flex e-con e-child\" data-id=\"57ba102\" data-element_type=\"container\">\n\t\t\t\t<div class=\"elementor-element elementor-element-3c80d8e elementor-invisible elementor-widget elementor-widget-image\" data-id=\"3c80d8e\" data-element_type=\"widget\" data-settings=\"{&quot;_animation&quot;:&quot;wobble&quot;}\" data-widget_type=\"image.default\">\n\t\t\t\t<div class=\"elementor-widget-container\">\n\t\t\t\t\t\t\t\t\t\t\t\t\t<img decoding=\"async\" width=\"800\" height=\"600\" src=\"https:\/\/www.yukselenasfalt.com\/wp-content\/uploads\/2024\/08\/ARAC5-1024x768.jpg\" class=\"attachment-large size-large wp-image-3454\" alt=\"\" srcset=\"https:\/\/www.yukselenasfalt.com\/wp-content\/uploads\/2024\/08\/ARAC5-1024x768.jpg 1024w, https:\/\/www.yukselenasfalt.com\/wp-content\/uploads\/2024\/08\/ARAC5-300x225.jpg 300w, https:\/\/www.yukselenasfalt.com\/wp-content\/uploads\/2024\/08\/ARAC5-768x576.jpg 768w, https:\/\/www.yukselenasfalt.com\/wp-content\/uploads\/2024\/08\/ARAC5-1536x1152.jpg 1536w, https:\/\/www.yukselenasfalt.com\/wp-content\/uploads\/2024\/08\/ARAC5.jpg 1600w\" sizes=\"(max-width: 800px) 100vw, 800px\" \/>\t\t\t\t\t\t\t\t\t\t\t\t\t<\/div>\n\t\t\t\t<\/div>\n\t\t\t\t<div class=\"elementor-element elementor-element-c01f895 elementor-invisible elementor-widget elementor-widget-image\" data-id=\"c01f895\" data-element_type=\"widget\" data-settings=\"{&quot;_animation&quot;:&quot;wobble&quot;}\" data-widget_type=\"image.default\">\n\t\t\t\t<div class=\"elementor-widget-container\">\n\t\t\t\t\t\t\t\t\t\t\t\t\t<img decoding=\"async\" width=\"800\" height=\"600\" src=\"https:\/\/www.yukselenasfalt.com\/wp-content\/uploads\/2024\/08\/ARAC1-1024x768.jpg\" class=\"attachment-large size-large wp-image-3458\" alt=\"\" srcset=\"https:\/\/www.yukselenasfalt.com\/wp-content\/uploads\/2024\/08\/ARAC1-1024x768.jpg 1024w, https:\/\/www.yukselenasfalt.com\/wp-content\/uploads\/2024\/08\/ARAC1-300x225.jpg 300w, https:\/\/www.yukselenasfalt.com\/wp-content\/uploads\/2024\/08\/ARAC1-768x576.jpg 768w, https:\/\/www.yukselenasfalt.com\/wp-content\/uploads\/2024\/08\/ARAC1.jpg 1080w\" sizes=\"(max-width: 800px) 100vw, 800px\" \/>\t\t\t\t\t\t\t\t\t\t\t\t\t<\/div>\n\t\t\t\t<\/div>\n\t\t\t\t<\/div>\n\t\t<div class=\"elementor-element elementor-element-5769dbc e-con-full e-flex e-con e-child\" data-id=\"5769dbc\" data-element_type=\"container\">\n\t\t\t\t<div class=\"elementor-element elementor-element-97bef6e elementor-invisible elementor-widget elementor-widget-image\" data-id=\"97bef6e\" data-element_type=\"widget\" data-settings=\"{&quot;_animation&quot;:&quot;wobble&quot;}\" data-widget_type=\"image.default\">\n\t\t\t\t<div class=\"elementor-widget-container\">\n\t\t\t\t\t\t\t\t\t\t\t\t\t<img loading=\"lazy\" decoding=\"async\" width=\"800\" height=\"600\" src=\"https:\/\/www.yukselenasfalt.com\/wp-content\/uploads\/2024\/08\/ARAC3-1024x768.jpg\" class=\"attachment-large size-large wp-image-3456\" alt=\"\" srcset=\"https:\/\/www.yukselenasfalt.com\/wp-content\/uploads\/2024\/08\/ARAC3-1024x768.jpg 1024w, https:\/\/www.yukselenasfalt.com\/wp-content\/uploads\/2024\/08\/ARAC3-300x225.jpg 300w, https:\/\/www.yukselenasfalt.com\/wp-content\/uploads\/2024\/08\/ARAC3-768x576.jpg 768w, https:\/\/www.yukselenasfalt.com\/wp-content\/uploads\/2024\/08\/ARAC3-1536x1152.jpg 1536w, https:\/\/www.yukselenasfalt.com\/wp-content\/uploads\/2024\/08\/ARAC3.jpg 1600w\" sizes=\"(max-width: 800px) 100vw, 800px\" \/>\t\t\t\t\t\t\t\t\t\t\t\t\t<\/div>\n\t\t\t\t<\/div>\n\t\t\t\t<div class=\"elementor-element elementor-element-3deb6b8 elementor-invisible elementor-widget elementor-widget-image\" data-id=\"3deb6b8\" data-element_type=\"widget\" data-settings=\"{&quot;_animation&quot;:&quot;wobble&quot;}\" data-widget_type=\"image.default\">\n\t\t\t\t<div class=\"elementor-widget-container\">\n\t\t\t\t\t\t\t\t\t\t\t\t\t<img loading=\"lazy\" decoding=\"async\" width=\"800\" height=\"600\" src=\"https:\/\/www.yukselenasfalt.com\/wp-content\/uploads\/2024\/08\/ARAC2-1024x768.jpg\" class=\"attachment-large size-large wp-image-3457\" alt=\"\" srcset=\"https:\/\/www.yukselenasfalt.com\/wp-content\/uploads\/2024\/08\/ARAC2-1024x768.jpg 1024w, https:\/\/www.yukselenasfalt.com\/wp-content\/uploads\/2024\/08\/ARAC2-300x225.jpg 300w, https:\/\/www.yukselenasfalt.com\/wp-content\/uploads\/2024\/08\/ARAC2-768x576.jpg 768w, https:\/\/www.yukselenasfalt.com\/wp-content\/uploads\/2024\/08\/ARAC2-1536x1152.jpg 1536w, https:\/\/www.yukselenasfalt.com\/wp-content\/uploads\/2024\/08\/ARAC2.jpg 1600w\" sizes=\"(max-width: 800px) 100vw, 800px\" \/>\t\t\t\t\t\t\t\t\t\t\t\t\t<\/div>\n\t\t\t\t<\/div>\n\t\t\t\t<\/div>\n\t\t<div class=\"elementor-element elementor-element-47709c8 e-con-full e-flex e-con e-child\" data-id=\"47709c8\" data-element_type=\"container\">\n\t\t\t\t<div class=\"elementor-element elementor-element-94ec5d1 elementor-invisible elementor-widget elementor-widget-image\" data-id=\"94ec5d1\" data-element_type=\"widget\" data-settings=\"{&quot;_animation&quot;:&quot;wobble&quot;}\" data-widget_type=\"image.default\">\n\t\t\t\t<div class=\"elementor-widget-container\">\n\t\t\t\t\t\t\t\t\t\t\t\t\t<img loading=\"lazy\" decoding=\"async\" width=\"800\" height=\"600\" src=\"https:\/\/www.yukselenasfalt.com\/wp-content\/uploads\/2024\/08\/ARAC6-1024x768.jpg\" class=\"attachment-large size-large wp-image-3453\" alt=\"\" srcset=\"https:\/\/www.yukselenasfalt.com\/wp-content\/uploads\/2024\/08\/ARAC6-1024x768.jpg 1024w, https:\/\/www.yukselenasfalt.com\/wp-content\/uploads\/2024\/08\/ARAC6-300x225.jpg 300w, https:\/\/www.yukselenasfalt.com\/wp-content\/uploads\/2024\/08\/ARAC6-768x576.jpg 768w, https:\/\/www.yukselenasfalt.com\/wp-content\/uploads\/2024\/08\/ARAC6-1536x1152.jpg 1536w, https:\/\/www.yukselenasfalt.com\/wp-content\/uploads\/2024\/08\/ARAC6.jpg 1600w\" sizes=\"(max-width: 800px) 100vw, 800px\" \/>\t\t\t\t\t\t\t\t\t\t\t\t\t<\/div>\n\t\t\t\t<\/div>\n\t\t\t\t<div class=\"elementor-element elementor-element-5af5ca7 elementor-invisible elementor-widget elementor-widget-image\" data-id=\"5af5ca7\" data-element_type=\"widget\" data-settings=\"{&quot;_animation&quot;:&quot;wobble&quot;}\" data-widget_type=\"image.default\">\n\t\t\t\t<div class=\"elementor-widget-container\">\n\t\t\t\t\t\t\t\t\t\t\t\t\t<img loading=\"lazy\" decoding=\"async\" width=\"800\" height=\"600\" src=\"https:\/\/www.yukselenasfalt.com\/wp-content\/uploads\/2024\/08\/ARAC4-1024x768.jpg\" class=\"attachment-large size-large wp-image-3455\" alt=\"\" srcset=\"https:\/\/www.yukselenasfalt.com\/wp-content\/uploads\/2024\/08\/ARAC4-1024x768.jpg 1024w, https:\/\/www.yukselenasfalt.com\/wp-content\/uploads\/2024\/08\/ARAC4-300x225.jpg 300w, https:\/\/www.yukselenasfalt.com\/wp-content\/uploads\/2024\/08\/ARAC4-768x576.jpg 768w, https:\/\/www.yukselenasfalt.com\/wp-content\/uploads\/2024\/08\/ARAC4-1536x1152.jpg 1536w, https:\/\/www.yukselenasfalt.com\/wp-content\/uploads\/2024\/08\/ARAC4.jpg 1600w\" sizes=\"(max-width: 800px) 100vw, 800px\" \/>\t\t\t\t\t\t\t\t\t\t\t\t\t<\/div>\n\t\t\t\t<\/div>\n\t\t\t\t<\/div>\n\t\t<div class=\"elementor-element elementor-element-afab117 e-con-full e-flex e-con e-child\" data-id=\"afab117\" data-element_type=\"container\">\n\t\t\t\t<\/div>\n\t\t<div class=\"elementor-element elementor-element-78397f2 e-con-full e-flex e-con e-child\" data-id=\"78397f2\" data-element_type=\"container\">\n\t\t\t\t<\/div>\n\t\t<div class=\"elementor-element elementor-element-8fd490b e-con-full e-flex e-con e-child\" data-id=\"8fd490b\" data-element_type=\"container\">\n\t\t\t\t<\/div>\n\t\t\t\t\t<\/div>\n\t\t\t\t<\/div>\n\t\t<div class=\"elementor-element elementor-element-c354bcb e-flex e-con-boxed e-con e-parent\" data-id=\"c354bcb\" data-element_type=\"container\">\n\t\t\t\t\t<div class=\"e-con-inner\">\n\t\t\t\t<div class=\"elementor-element elementor-element-67d6c30 elementor-widget-divider--view-line elementor-widget elementor-widget-divider\" data-id=\"67d6c30\" data-element_type=\"widget\" data-widget_type=\"divider.default\">\n\t\t\t\t<div class=\"elementor-widget-container\">\n\t\t\t\t\t<div class=\"elementor-divider\">\n\t\t\t<span class=\"elementor-divider-separator\">\n\t\t\t\t\t\t<\/span>\n\t\t<\/div>\n\t\t\t\t<\/div>\n\t\t\t\t<\/div>\n\t\t\t\t\t<\/div>\n\t\t\t\t<\/div>\n\t\t\t\t<\/div>\n\t\t","protected":false},"excerpt":{"rendered":"<p>MAK\u0130NE PARKURUMUZ ANASAYFA- Makine parkurumuz MAK\u0130NE PARKURUMUZ Y\u00fckselen Asfalt olarak, yol yap\u0131m\u0131nda en son teknolojiye sahip, g\u00fc\u00e7l\u00fc ve verimli makinelerle donat\u0131lm\u0131\u015f modern bir makine parkuruna sahibiz. Projelerinizi en y\u00fcksek standartlarda, zaman\u0131nda ve g\u00fcvenle tamamlamak i\u00e7in s\u00fcrekli yenilenen ve bak\u0131m\u0131 d\u00fczenli yap\u0131lan makinelerimizle hizmet veriyoruz.<\/p>\n","protected":false},"author":1,"featured_media":0,"parent":0,"menu_order":0,"comment_status":"closed","ping_status":"closed","template":"elementor_header_footer","meta":{"footnotes":""},"class_list":["post-3154","page","type-page","status-publish","hentry"],"_links":{"self":[{"href":"https:\/\/www.yukselenasfalt.com\/index.php\/wp-json\/wp\/v2\/pages\/3154"}],"collection":[{"href":"https:\/\/www.yukselenasfalt.com\/index.php\/wp-json\/wp\/v2\/pages"}],"about":[{"href":"https:\/\/www.yukselenasfalt.com\/index.php\/wp-json\/wp\/v2\/types\/page"}],"author":[{"embeddable":true,"href":"https:\/\/www.yukselenasfalt.com\/index.php\/wp-json\/wp\/v2\/users\/1"}],"replies":[{"embeddable":true,"href":"https:\/\/www.yukselenasfalt.com\/index.php\/wp-json\/wp\/v2\/comments?post=3154"}],"version-history":[{"count":24,"href":"https:\/\/www.yukselenasfalt.com\/index.php\/wp-json\/wp\/v2\/pages\/3154\/revisions"}],"predecessor-version":[{"id":3474,"href":"https:\/\/www.yukselenasfalt.com\/index.php\/wp-json\/wp\/v2\/pages\/3154\/revisions\/3474"}],"wp:attachment":[{"href":"https:\/\/www.yukselenasfalt.com\/index.php\/wp-json\/wp\/v2\/media?parent=3154"}],"curies":[{"name":"wp","href":"https:\/\/api.w.org\/{rel}","templated":true}]}}