{"id":3190,"date":"2024-08-08T14:46:56","date_gmt":"2024-08-08T14:46:56","guid":{"rendered":"https:\/\/www.yukselenasfalt.com\/?page_id=3190"},"modified":"2024-08-10T12:45:02","modified_gmt":"2024-08-10T12:45:02","slug":"tamamlananprojeler","status":"publish","type":"page","link":"https:\/\/www.yukselenasfalt.com\/index.php\/tamamlananprojeler\/","title":{"rendered":"TAMAMLANAN PROJELER"},"content":{"rendered":"\t\t<div data-elementor-type=\"wp-page\" data-elementor-id=\"3190\" class=\"elementor elementor-3190\">\n\t\t\t\t<div class=\"elementor-element elementor-element-8b82e56 e-flex e-con-boxed e-con e-parent\" data-id=\"8b82e56\" data-element_type=\"container\" data-settings=\"{&quot;background_background&quot;:&quot;classic&quot;}\">\n\t\t\t\t\t<div class=\"e-con-inner\">\n\t\t\t\t<div class=\"elementor-element elementor-element-309dda24 elementor-widget elementor-widget-heading\" data-id=\"309dda24\" data-element_type=\"widget\" data-widget_type=\"heading.default\">\n\t\t\t\t<div class=\"elementor-widget-container\">\n\t\t\t<style>\/*! elementor - v3.23.0 - 05-08-2024 *\/\n.elementor-heading-title{padding:0;margin:0;line-height:1}.elementor-widget-heading .elementor-heading-title[class*=elementor-size-]>a{color:inherit;font-size:inherit;line-height:inherit}.elementor-widget-heading .elementor-heading-title.elementor-size-small{font-size:15px}.elementor-widget-heading .elementor-heading-title.elementor-size-medium{font-size:19px}.elementor-widget-heading .elementor-heading-title.elementor-size-large{font-size:29px}.elementor-widget-heading .elementor-heading-title.elementor-size-xl{font-size:39px}.elementor-widget-heading .elementor-heading-title.elementor-size-xxl{font-size:59px}<\/style><h2 class=\"elementor-heading-title elementor-size-default\">TAMAMLANAN PROJELER<\/h2>\t\t<\/div>\n\t\t\t\t<\/div>\n\t\t\t\t<div class=\"elementor-element elementor-element-5823471c elementor-widget elementor-widget-text-editor\" data-id=\"5823471c\" data-element_type=\"widget\" data-widget_type=\"text-editor.default\">\n\t\t\t\t<div class=\"elementor-widget-container\">\n\t\t\t<style>\/*! elementor - v3.23.0 - 05-08-2024 *\/\n.elementor-widget-text-editor.elementor-drop-cap-view-stacked .elementor-drop-cap{background-color:#69727d;color:#fff}.elementor-widget-text-editor.elementor-drop-cap-view-framed .elementor-drop-cap{color:#69727d;border:3px solid;background-color:transparent}.elementor-widget-text-editor:not(.elementor-drop-cap-view-default) .elementor-drop-cap{margin-top:8px}.elementor-widget-text-editor:not(.elementor-drop-cap-view-default) .elementor-drop-cap-letter{width:1em;height:1em}.elementor-widget-text-editor .elementor-drop-cap{float:left;text-align:center;line-height:1;font-size:50px}.elementor-widget-text-editor .elementor-drop-cap-letter{display:inline-block}<\/style>\t\t\t\t<p>Anasayfa &#8211; Tamamlanan Projeler<\/p>\t\t\t\t\t\t<\/div>\n\t\t\t\t<\/div>\n\t\t\t\t\t<\/div>\n\t\t\t\t<\/div>\n\t\t<div class=\"elementor-element elementor-element-1de0c3f e-flex e-con-boxed e-con e-parent\" data-id=\"1de0c3f\" data-element_type=\"container\">\n\t\t\t\t\t<div class=\"e-con-inner\">\n\t\t<div class=\"elementor-element elementor-element-23d163ab e-con-full e-flex e-con e-child\" data-id=\"23d163ab\" data-element_type=\"container\">\n\t\t<div class=\"elementor-element elementor-element-1f083132 e-con-full e-flex e-con e-child\" data-id=\"1f083132\" data-element_type=\"container\">\n\t\t\t\t<div class=\"elementor-element elementor-element-10ba95be elementor-widget elementor-widget-heading\" data-id=\"10ba95be\" data-element_type=\"widget\" data-widget_type=\"heading.default\">\n\t\t\t\t<div class=\"elementor-widget-container\">\n\t\t\t<h2 class=\"elementor-heading-title elementor-size-default\">TAMAMLANAN PROJELER\u0130M\u0130Z<\/h2>\t\t<\/div>\n\t\t\t\t<\/div>\n\t\t\t\t<div class=\"elementor-element elementor-element-161d0246 elementor-widget elementor-widget-text-editor\" data-id=\"161d0246\" data-element_type=\"widget\" data-widget_type=\"text-editor.default\">\n\t\t\t\t<div class=\"elementor-widget-container\">\n\t\t\t\t\t\t\t<p>Y\u00fckselen Asfalt olarak, tamamlad\u0131\u011f\u0131m\u0131z projelerde m\u00fc\u015fteri memnuniyetini ve kaliteyi her zaman \u00f6n planda tuttuk. Uzmanl\u0131\u011f\u0131m\u0131z ve deneyimimizle hayata ge\u00e7irdi\u011fimiz projeler, sekt\u00f6rdeki g\u00fcc\u00fcm\u00fcz\u00fcn bir g\u00f6stergesidir.<br><\/p>\t\t\t\t\t\t<\/div>\n\t\t\t\t<\/div>\n\t\t\t\t<div class=\"elementor-element elementor-element-d9fccf3 elementor-widget elementor-widget-image\" data-id=\"d9fccf3\" data-element_type=\"widget\" data-widget_type=\"image.default\">\n\t\t\t\t<div class=\"elementor-widget-container\">\n\t\t\t<style>\/*! elementor - v3.23.0 - 05-08-2024 *\/\n.elementor-widget-image{text-align:center}.elementor-widget-image a{display:inline-block}.elementor-widget-image a img[src$=\".svg\"]{width:48px}.elementor-widget-image img{vertical-align:middle;display:inline-block}<\/style>\t\t\t\t\t\t\t\t\t\t<img fetchpriority=\"high\" decoding=\"async\" width=\"2028\" height=\"2141\" src=\"https:\/\/www.yukselenasfalt.com\/wp-content\/uploads\/2024\/08\/BITEN-ISLER.png\" class=\"attachment-full size-full wp-image-3505\" alt=\"\" srcset=\"https:\/\/www.yukselenasfalt.com\/wp-content\/uploads\/2024\/08\/BITEN-ISLER.png 2028w, https:\/\/www.yukselenasfalt.com\/wp-content\/uploads\/2024\/08\/BITEN-ISLER-284x300.png 284w, https:\/\/www.yukselenasfalt.com\/wp-content\/uploads\/2024\/08\/BITEN-ISLER-970x1024.png 970w, https:\/\/www.yukselenasfalt.com\/wp-content\/uploads\/2024\/08\/BITEN-ISLER-768x811.png 768w, https:\/\/www.yukselenasfalt.com\/wp-content\/uploads\/2024\/08\/BITEN-ISLER-1455x1536.png 1455w, https:\/\/www.yukselenasfalt.com\/wp-content\/uploads\/2024\/08\/BITEN-ISLER-1940x2048.png 1940w\" sizes=\"(max-width: 2028px) 100vw, 2028px\" \/>\t\t\t\t\t\t\t\t\t\t\t\t\t<\/div>\n\t\t\t\t<\/div>\n\t\t<div class=\"elementor-element elementor-element-59d89d58 e-con-full e-flex e-con e-child\" data-id=\"59d89d58\" data-element_type=\"container\">\n\t\t<div class=\"elementor-element elementor-element-13b24a00 e-con-full e-flex e-con e-child\" data-id=\"13b24a00\" data-element_type=\"container\">\n\t\t\t\t<div class=\"elementor-element elementor-element-bddd879 elementor-widget elementor-widget-image\" data-id=\"bddd879\" data-element_type=\"widget\" data-widget_type=\"image.default\">\n\t\t\t\t<div class=\"elementor-widget-container\">\n\t\t\t\t\t\t\t\t\t\t\t\t\t<img decoding=\"async\" width=\"800\" height=\"845\" src=\"https:\/\/www.yukselenasfalt.com\/wp-content\/uploads\/2024\/08\/BITEN-ISLER2-970x1024.png\" class=\"attachment-large size-large wp-image-3506\" alt=\"\" srcset=\"https:\/\/www.yukselenasfalt.com\/wp-content\/uploads\/2024\/08\/BITEN-ISLER2-970x1024.png 970w, https:\/\/www.yukselenasfalt.com\/wp-content\/uploads\/2024\/08\/BITEN-ISLER2-284x300.png 284w, https:\/\/www.yukselenasfalt.com\/wp-content\/uploads\/2024\/08\/BITEN-ISLER2-768x810.png 768w, https:\/\/www.yukselenasfalt.com\/wp-content\/uploads\/2024\/08\/BITEN-ISLER2-1456x1536.png 1456w, https:\/\/www.yukselenasfalt.com\/wp-content\/uploads\/2024\/08\/BITEN-ISLER2-1941x2048.png 1941w, https:\/\/www.yukselenasfalt.com\/wp-content\/uploads\/2024\/08\/BITEN-ISLER2.png 2029w\" sizes=\"(max-width: 800px) 100vw, 800px\" \/>\t\t\t\t\t\t\t\t\t\t\t\t\t<\/div>\n\t\t\t\t<\/div>\n\t\t\t\t<\/div>\n\t\t\t\t<\/div>\n\t\t\t\t<\/div>\n\t\t\t\t<\/div>\n\t\t\t\t\t<\/div>\n\t\t\t\t<\/div>\n\t\t\t\t<\/div>\n\t\t","protected":false},"excerpt":{"rendered":"<p>TAMAMLANAN PROJELER Anasayfa &#8211; Tamamlanan Projeler TAMAMLANAN PROJELER\u0130M\u0130Z Y\u00fckselen Asfalt olarak, tamamlad\u0131\u011f\u0131m\u0131z projelerde m\u00fc\u015fteri memnuniyetini ve kaliteyi her zaman \u00f6n planda tuttuk. Uzmanl\u0131\u011f\u0131m\u0131z ve deneyimimizle hayata ge\u00e7irdi\u011fimiz projeler, sekt\u00f6rdeki g\u00fcc\u00fcm\u00fcz\u00fcn bir g\u00f6stergesidir.<\/p>\n","protected":false},"author":1,"featured_media":0,"parent":0,"menu_order":0,"comment_status":"closed","ping_status":"closed","template":"elementor_header_footer","meta":{"footnotes":""},"class_list":["post-3190","page","type-page","status-publish","hentry"],"_links":{"self":[{"href":"https:\/\/www.yukselenasfalt.com\/index.php\/wp-json\/wp\/v2\/pages\/3190"}],"collection":[{"href":"https:\/\/www.yukselenasfalt.com\/index.php\/wp-json\/wp\/v2\/pages"}],"about":[{"href":"https:\/\/www.yukselenasfalt.com\/index.php\/wp-json\/wp\/v2\/types\/page"}],"author":[{"embeddable":true,"href":"https:\/\/www.yukselenasfalt.com\/index.php\/wp-json\/wp\/v2\/users\/1"}],"replies":[{"embeddable":true,"href":"https:\/\/www.yukselenasfalt.com\/index.php\/wp-json\/wp\/v2\/comments?post=3190"}],"version-history":[{"count":19,"href":"https:\/\/www.yukselenasfalt.com\/index.php\/wp-json\/wp\/v2\/pages\/3190\/revisions"}],"predecessor-version":[{"id":3528,"href":"https:\/\/www.yukselenasfalt.com\/index.php\/wp-json\/wp\/v2\/pages\/3190\/revisions\/3528"}],"wp:attachment":[{"href":"https:\/\/www.yukselenasfalt.com\/index.php\/wp-json\/wp\/v2\/media?parent=3190"}],"curies":[{"name":"wp","href":"https:\/\/api.w.org\/{rel}","templated":true}]}}